{"id":1012,"date":"2022-06-14T19:21:46","date_gmt":"2022-06-14T17:21:46","guid":{"rendered":"https:\/\/inside-amenagement.com\/?page_id=1012"},"modified":"2025-05-25T12:42:50","modified_gmt":"2025-05-25T10:42:50","slug":"nos-prestations","status":"publish","type":"page","link":"https:\/\/inside-amenagement.com\/en\/nos-prestations\/","title":{"rendered":"Our services"},"content":{"rendered":"<div data-elementor-type=\"wp-page\" data-elementor-id=\"1012\" class=\"elementor elementor-1012\" data-elementor-post-type=\"page\">\n\t\t\t\t\t\t<section class=\"elementor-section elementor-top-section elementor-element elementor-element-27a3193a elementor-section-height-min-height elementor-section-boxed elementor-section-height-default elementor-section-items-middle row-top\" data-id=\"27a3193a\" data-element_type=\"section\" data-e-type=\"section\" data-settings=\"{&quot;background_background&quot;:&quot;classic&quot;}\">\n\t\t\t\t\t\t\t<div class=\"elementor-background-overlay\"><\/div>\n\t\t\t\t\t\t\t<div class=\"elementor-container elementor-column-gap-default\">\n\t\t\t\t\t<div class=\"elementor-column elementor-col-100 elementor-top-column elementor-element elementor-element-16b58316 column-style-top\" data-id=\"16b58316\" data-element_type=\"column\" data-e-type=\"column\">\n\t\t\t<div class=\"elementor-widget-wrap elementor-element-populated\">\n\t\t\t\t\t\t<div class=\"elementor-element elementor-element-b975700 elementor-widget elementor-widget-heading\" data-id=\"b975700\" data-element_type=\"widget\" data-e-type=\"widget\" data-widget_type=\"heading.default\">\n\t\t\t\t<div class=\"elementor-widget-container\">\n\t\t\t\t\t<h1 class=\"elementor-heading-title elementor-size-default\">Our services<\/h1>\t\t\t\t<\/div>\n\t\t\t\t<\/div>\n\t\t\t\t\t<\/div>\n\t\t<\/div>\n\t\t\t\t\t<\/div>\n\t\t<\/section>\n\t\t\t\t<section class=\"elementor-section elementor-top-section elementor-element elementor-element-559fd227 elementor-section-boxed elementor-section-height-default elementor-section-height-default row-top\" data-id=\"559fd227\" data-element_type=\"section\" data-e-type=\"section\" data-settings=\"{&quot;background_background&quot;:&quot;classic&quot;}\">\n\t\t\t\t\t\t<div class=\"elementor-container elementor-column-gap-default\">\n\t\t\t\t\t<div class=\"elementor-column elementor-col-100 elementor-top-column elementor-element elementor-element-407441fb column-style-top\" data-id=\"407441fb\" data-element_type=\"column\" data-e-type=\"column\">\n\t\t\t<div class=\"elementor-widget-wrap elementor-element-populated\">\n\t\t\t\t\t\t<div class=\"elementor-element elementor-element-79d03cc7 elementor-widget elementor-widget-heading\" data-id=\"79d03cc7\" data-element_type=\"widget\" data-e-type=\"widget\" data-widget_type=\"heading.default\">\n\t\t\t\t<div class=\"elementor-widget-container\">\n\t\t\t\t\t<h6 class=\"elementor-heading-title elementor-size-default\">We offer our services <\/h6>\t\t\t\t<\/div>\n\t\t\t\t<\/div>\n\t\t\t\t<div class=\"elementor-element elementor-element-634ed5ca elementor-widget elementor-widget-heading\" data-id=\"634ed5ca\" data-element_type=\"widget\" data-e-type=\"widget\" data-widget_type=\"heading.default\">\n\t\t\t\t<div class=\"elementor-widget-container\">\n\t\t\t\t\t<h3 class=\"elementor-heading-title elementor-size-default\">Architect, interior designer or landscaper<\/h3>\t\t\t\t<\/div>\n\t\t\t\t<\/div>\n\t\t\t\t\t<\/div>\n\t\t<\/div>\n\t\t\t\t\t<\/div>\n\t\t<\/section>\n\t\t\t\t<section class=\"elementor-section elementor-top-section elementor-element elementor-element-d064d0b elementor-section-boxed elementor-section-height-default elementor-section-height-default row-top\" data-id=\"d064d0b\" data-element_type=\"section\" data-e-type=\"section\" data-settings=\"{&quot;background_background&quot;:&quot;classic&quot;}\">\n\t\t\t\t\t\t<div class=\"elementor-container elementor-column-gap-no\">\n\t\t\t\t\t<div class=\"elementor-column elementor-col-25 elementor-top-column elementor-element elementor-element-b6f030f column-style-top\" data-id=\"b6f030f\" data-element_type=\"column\" data-e-type=\"column\">\n\t\t\t<div class=\"elementor-widget-wrap\">\n\t\t\t\t\t\t\t<\/div>\n\t\t<\/div>\n\t\t\t\t<div class=\"elementor-column elementor-col-25 elementor-top-column elementor-element elementor-element-6d69d81 column-style-top\" data-id=\"6d69d81\" data-element_type=\"column\" data-e-type=\"column\">\n\t\t\t<div class=\"elementor-widget-wrap\">\n\t\t\t\t\t\t\t<\/div>\n\t\t<\/div>\n\t\t\t\t<div class=\"elementor-column elementor-col-25 elementor-top-column elementor-element elementor-element-006e43b column-style-top\" data-id=\"006e43b\" data-element_type=\"column\" data-e-type=\"column\">\n\t\t\t<div class=\"elementor-widget-wrap\">\n\t\t\t\t\t\t\t<\/div>\n\t\t<\/div>\n\t\t\t\t<div class=\"elementor-column elementor-col-25 elementor-top-column elementor-element elementor-element-64cd601 column-style-top\" data-id=\"64cd601\" data-element_type=\"column\" data-e-type=\"column\">\n\t\t\t<div class=\"elementor-widget-wrap\">\n\t\t\t\t\t\t\t<\/div>\n\t\t<\/div>\n\t\t\t\t\t<\/div>\n\t\t<\/section>\n\t\t\t\t<\/div>","protected":false},"excerpt":{"rendered":"<p>Nos pr\u00e9stations Nous offrons nos services D&rsquo;architecte, de d\u00e9corateur d&rsquo;int\u00e9rieur ou de paysagiste 01 AMENAGEMENT D\u2019INTERIEUR ETUDES POUR TRAVAUX En savoir plus 02 RENOVATION TRAVAUX REALISATION DE TRAVAUX En savoir plus 03 AMENAGEMENT EXTERIEUR CONCEPTEUR PAYSAGISTE En savoir plus 04 COACHING D\u00c9CO ACCOMPAGNEMENT DECORATIF En savoir plus<\/p>","protected":false},"author":1,"featured_media":0,"parent":0,"menu_order":0,"comment_status":"closed","ping_status":"closed","template":"elementor_header_footer","meta":{"footnotes":""},"class_list":["post-1012","page","type-page","status-publish","hentry"],"_links":{"self":[{"href":"https:\/\/inside-amenagement.com\/en\/wp-json\/wp\/v2\/pages\/1012","targetHints":{"allow":["GET"]}}],"collection":[{"href":"https:\/\/inside-amenagement.com\/en\/wp-json\/wp\/v2\/pages"}],"about":[{"href":"https:\/\/inside-amenagement.com\/en\/wp-json\/wp\/v2\/types\/page"}],"author":[{"embeddable":true,"href":"https:\/\/inside-amenagement.com\/en\/wp-json\/wp\/v2\/users\/1"}],"replies":[{"embeddable":true,"href":"https:\/\/inside-amenagement.com\/en\/wp-json\/wp\/v2\/comments?post=1012"}],"version-history":[{"count":62,"href":"https:\/\/inside-amenagement.com\/en\/wp-json\/wp\/v2\/pages\/1012\/revisions"}],"predecessor-version":[{"id":2934,"href":"https:\/\/inside-amenagement.com\/en\/wp-json\/wp\/v2\/pages\/1012\/revisions\/2934"}],"wp:attachment":[{"href":"https:\/\/inside-amenagement.com\/en\/wp-json\/wp\/v2\/media?parent=1012"}],"curies":[{"name":"wp","href":"https:\/\/api.w.org\/{rel}","templated":true}]}}