{"id":1036,"date":"2022-06-14T20:02:29","date_gmt":"2022-06-14T18:02:29","guid":{"rendered":"https:\/\/inside-amenagement.com\/?page_id=1036"},"modified":"2025-05-26T20:23:26","modified_gmt":"2025-05-26T18:23:26","slug":"nos-realisations-design-dinterieur","status":"publish","type":"page","link":"https:\/\/inside-amenagement.com\/en\/nos-realisations-design-dinterieur\/","title":{"rendered":"Nos R\u00e9alisations &#8211; Design d&rsquo;int\u00e9rieur"},"content":{"rendered":"<div data-elementor-type=\"wp-page\" data-elementor-id=\"1036\" class=\"elementor elementor-1036\" data-elementor-post-type=\"page\">\n\t\t\t\t\t\t<section class=\"elementor-section elementor-top-section elementor-element elementor-element-28d140d8 elementor-section-height-min-height elementor-section-boxed elementor-section-height-default elementor-section-items-middle row-top\" data-id=\"28d140d8\" data-element_type=\"section\" data-e-type=\"section\" data-settings=\"{&quot;background_background&quot;:&quot;classic&quot;}\">\n\t\t\t\t\t\t\t<div class=\"elementor-background-overlay\"><\/div>\n\t\t\t\t\t\t\t<div class=\"elementor-container elementor-column-gap-default\">\n\t\t\t\t\t<div class=\"elementor-column elementor-col-100 elementor-top-column elementor-element elementor-element-2a0f204 column-style-top\" data-id=\"2a0f204\" data-element_type=\"column\" data-e-type=\"column\">\n\t\t\t<div class=\"elementor-widget-wrap elementor-element-populated\">\n\t\t\t\t\t\t<section class=\"elementor-section elementor-inner-section elementor-element elementor-element-4d671f87 elementor-section-height-min-height elementor-section-boxed elementor-section-height-default row-top\" data-id=\"4d671f87\" data-element_type=\"section\" data-e-type=\"section\">\n\t\t\t\t\t\t<div class=\"elementor-container elementor-column-gap-no\">\n\t\t\t\t\t<div class=\"elementor-column elementor-col-100 elementor-inner-column elementor-element elementor-element-12145fca column-style-top\" data-id=\"12145fca\" data-element_type=\"column\" data-e-type=\"column\">\n\t\t\t<div class=\"elementor-widget-wrap elementor-element-populated\">\n\t\t\t\t\t\t<div class=\"elementor-element elementor-element-54a9f38a elementor-widget elementor-widget-heading\" data-id=\"54a9f38a\" data-element_type=\"widget\" data-e-type=\"widget\" data-widget_type=\"heading.default\">\n\t\t\t\t<div class=\"elementor-widget-container\">\n\t\t\t\t\t<h6 class=\"elementor-heading-title elementor-size-default\">Our Projects<\/h6>\t\t\t\t<\/div>\n\t\t\t\t<\/div>\n\t\t\t\t<div class=\"elementor-element elementor-element-5fef07d6 elementor-widget elementor-widget-heading\" data-id=\"5fef07d6\" data-element_type=\"widget\" data-e-type=\"widget\" data-widget_type=\"heading.default\">\n\t\t\t\t<div class=\"elementor-widget-container\">\n\t\t\t\t\t<h2 class=\"elementor-heading-title elementor-size-default\">Interior Design<\/h2>\t\t\t\t<\/div>\n\t\t\t\t<\/div>\n\t\t\t\t<div class=\"elementor-element elementor-element-3010c53 elementor-view-default elementor-widget elementor-widget-icon\" data-id=\"3010c53\" data-element_type=\"widget\" data-e-type=\"widget\" data-widget_type=\"icon.default\">\n\t\t\t\t<div class=\"elementor-widget-container\">\n\t\t\t\t\t\t\t<div class=\"elementor-icon-wrapper\">\n\t\t\t<div class=\"elementor-icon\">\n\t\t\t<i aria-hidden=\"true\" class=\"fas fa-arrow-circle-down\"><\/i>\t\t\t<\/div>\n\t\t<\/div>\n\t\t\t\t\t\t<\/div>\n\t\t\t\t<\/div>\n\t\t\t\t\t<\/div>\n\t\t<\/div>\n\t\t\t\t\t<\/div>\n\t\t<\/section>\n\t\t\t\t\t<\/div>\n\t\t<\/div>\n\t\t\t\t\t<\/div>\n\t\t<\/section>\n\t\t\t\t<section class=\"elementor-section elementor-top-section elementor-element elementor-element-409acf60 elementor-section-boxed elementor-section-height-default elementor-section-height-default row-top\" data-id=\"409acf60\" data-element_type=\"section\" data-e-type=\"section\" data-settings=\"{&quot;background_background&quot;:&quot;classic&quot;}\">\n\t\t\t\t\t\t<div class=\"elementor-container elementor-column-gap-wide\">\n\t\t\t\t\t<div class=\"elementor-column elementor-col-100 elementor-top-column elementor-element elementor-element-460dc21f column-style-top\" data-id=\"460dc21f\" data-element_type=\"column\" data-e-type=\"column\">\n\t\t\t<div class=\"elementor-widget-wrap\">\n\t\t\t\t\t\t\t<\/div>\n\t\t<\/div>\n\t\t\t\t\t<\/div>\n\t\t<\/section>\n\t\t\t\t<\/div>","protected":false},"excerpt":{"rendered":"<p>Nos R\u00e9alisations Design d&rsquo;Int\u00e9rieur Conception et am\u00e9nagement d\u2019un duplex de style moderne Am\u00e9nagement , Conception \u00c9tude et conception en un appartement F4 d\u2019une superficie de 130M am\u00e9nagement, conception \u00c9tude et conception d\u2019une villa avec Piscine am\u00e9nagement, conception Conception et r\u00e9alisation d\u2019espaces pour la nouvelle direction WARAK Setif am\u00e9nagement, conception Conception et r\u00e9alisation d\u2019un point de [&hellip;]<\/p>","protected":false},"author":1,"featured_media":0,"parent":0,"menu_order":0,"comment_status":"closed","ping_status":"closed","template":"elementor_header_footer","meta":{"footnotes":""},"class_list":["post-1036","page","type-page","status-publish","hentry"],"_links":{"self":[{"href":"https:\/\/inside-amenagement.com\/en\/wp-json\/wp\/v2\/pages\/1036","targetHints":{"allow":["GET"]}}],"collection":[{"href":"https:\/\/inside-amenagement.com\/en\/wp-json\/wp\/v2\/pages"}],"about":[{"href":"https:\/\/inside-amenagement.com\/en\/wp-json\/wp\/v2\/types\/page"}],"author":[{"embeddable":true,"href":"https:\/\/inside-amenagement.com\/en\/wp-json\/wp\/v2\/users\/1"}],"replies":[{"embeddable":true,"href":"https:\/\/inside-amenagement.com\/en\/wp-json\/wp\/v2\/comments?post=1036"}],"version-history":[{"count":28,"href":"https:\/\/inside-amenagement.com\/en\/wp-json\/wp\/v2\/pages\/1036\/revisions"}],"predecessor-version":[{"id":2954,"href":"https:\/\/inside-amenagement.com\/en\/wp-json\/wp\/v2\/pages\/1036\/revisions\/2954"}],"wp:attachment":[{"href":"https:\/\/inside-amenagement.com\/en\/wp-json\/wp\/v2\/media?parent=1036"}],"curies":[{"name":"wp","href":"https:\/\/api.w.org\/{rel}","templated":true}]}}