{"id":1530,"date":"2022-06-27T18:51:18","date_gmt":"2022-06-27T16:51:18","guid":{"rendered":"https:\/\/inside-amenagement.com\/?page_id=1530"},"modified":"2025-05-18T16:26:30","modified_gmt":"2025-05-18T14:26:30","slug":"lagence","status":"publish","type":"page","link":"https:\/\/inside-amenagement.com\/en\/lagence\/","title":{"rendered":"The Agency"},"content":{"rendered":"<div data-elementor-type=\"wp-page\" data-elementor-id=\"1530\" class=\"elementor elementor-1530\" data-elementor-post-type=\"page\">\n\t\t\t\t\t\t<section class=\"elementor-section elementor-top-section elementor-element elementor-element-47758a21 elementor-section-height-min-height elementor-section-boxed elementor-section-height-default elementor-section-items-middle row-top\" data-id=\"47758a21\" data-element_type=\"section\" data-e-type=\"section\" data-settings=\"{&quot;background_background&quot;:&quot;classic&quot;}\">\n\t\t\t\t\t\t\t<div class=\"elementor-background-overlay\"><\/div>\n\t\t\t\t\t\t\t<div class=\"elementor-container elementor-column-gap-default\">\n\t\t\t\t\t<div class=\"elementor-column elementor-col-100 elementor-top-column elementor-element elementor-element-70afa5fe column-style-top\" data-id=\"70afa5fe\" data-element_type=\"column\" data-e-type=\"column\">\n\t\t\t<div class=\"elementor-widget-wrap elementor-element-populated\">\n\t\t\t\t\t\t<div class=\"elementor-element elementor-element-1b69b0be elementor-widget elementor-widget-heading\" data-id=\"1b69b0be\" data-element_type=\"widget\" data-e-type=\"widget\" data-widget_type=\"heading.default\">\n\t\t\t\t<div class=\"elementor-widget-container\">\n\t\t\t\t\t<h1 class=\"elementor-heading-title elementor-size-default\">Our Studio<\/h1>\t\t\t\t<\/div>\n\t\t\t\t<\/div>\n\t\t\t\t\t<\/div>\n\t\t<\/div>\n\t\t\t\t\t<\/div>\n\t\t<\/section>\n\t\t\t\t<section class=\"elementor-section elementor-top-section elementor-element elementor-element-3eba61b elementor-section-boxed elementor-section-height-default elementor-section-height-default row-top\" data-id=\"3eba61b\" data-element_type=\"section\" data-e-type=\"section\">\n\t\t\t\t\t\t<div class=\"elementor-container elementor-column-gap-default\">\n\t\t\t\t\t<div class=\"elementor-column elementor-col-50 elementor-top-column elementor-element elementor-element-aee00ac column-style-top\" data-id=\"aee00ac\" data-element_type=\"column\" data-e-type=\"column\">\n\t\t\t<div class=\"elementor-widget-wrap elementor-element-populated\">\n\t\t\t\t\t\t<div class=\"elementor-element elementor-element-04623f5 elementor-widget elementor-widget-text-editor\" data-id=\"04623f5\" data-element_type=\"widget\" data-e-type=\"widget\" data-widget_type=\"text-editor.default\">\n\t\t\t\t<div class=\"elementor-widget-container\">\n\t\t\t\t\t\t\t\t\t<p class=\"\" data-start=\"151\" data-end=\"208\"><strong data-start=\"151\" data-end=\"169\">BOURAOUI Amina<\/strong><br data-start=\"169\" data-end=\"172\" \/><em data-start=\"172\" data-end=\"208\">Founder &amp; Artistic Director<\/em><\/p><p class=\"\" data-start=\"210\" data-end=\"598\">A graduate in Architecture from the University of Blida, BOURAOUI Amina enhanced her academic background with interior design studies in Dubai, earning a diploma in Interior Decoration. She also took part in events and training sessions in Italy, in collaboration with the international agency ITA\u2014demonstrating her ongoing commitment to learning and self-improvement.\n\nDriven by a deep passion for design and interior decoration, she founded her own agency with a clear vision: to reveal the soul of each space by highlighting the unique story of its occupants. Thanks to her expertise, creativity, and extensive network of partners, she remains focused on a single goal: client satisfaction. <strong data-start=\"510\" data-end=\"517\">ITA<\/strong>, ce qui t\u00e9moigne de sa volont\u00e9 constante d\u2019apprentissage et de perfectionnement.<\/p><p class=\"\" data-start=\"600\" data-end=\"950\">Anim\u00e9e par une passion profonde pour le design et la d\u00e9coration int\u00e9rieure, elle a fond\u00e9 sa propre agence avec une vision claire : r\u00e9v\u00e9ler l\u2019\u00e2me de chaque espace en valorisant l\u2019histoire unique de ses occupants. Gr\u00e2ce \u00e0 son expertise, sa cr\u00e9ativit\u00e9 et son vaste r\u00e9seau de partenaires, elle poursuit un objectif unique: <strong data-start=\"920\" data-end=\"949\">la satisfaction du client<\/strong>.<\/p>\t\t\t\t\t\t\t\t<\/div>\n\t\t\t\t<\/div>\n\t\t\t\t\t<\/div>\n\t\t<\/div>\n\t\t\t\t<div class=\"elementor-column elementor-col-50 elementor-top-column elementor-element elementor-element-a5ce1c6 column-style-top\" data-id=\"a5ce1c6\" data-element_type=\"column\" data-e-type=\"column\">\n\t\t\t<div class=\"elementor-widget-wrap elementor-element-populated\">\n\t\t\t\t\t\t<div class=\"elementor-element elementor-element-e6af0cf elementor-widget elementor-widget-image\" data-id=\"e6af0cf\" data-element_type=\"widget\" data-e-type=\"widget\" data-widget_type=\"image.default\">\n\t\t\t\t<div class=\"elementor-widget-container\">\n\t\t\t\t\t\t\t\t\t\t\t\t\t\t\t<img fetchpriority=\"high\" decoding=\"async\" width=\"580\" height=\"580\" src=\"https:\/\/inside-amenagement.com\/wp-content\/uploads\/2025\/05\/2-2-1024x1024.jpg\" class=\"attachment-large size-large wp-image-2777\" alt=\"\" srcset=\"https:\/\/inside-amenagement.com\/wp-content\/uploads\/2025\/05\/2-2-1024x1024.jpg 1024w, https:\/\/inside-amenagement.com\/wp-content\/uploads\/2025\/05\/2-2-300x300.jpg 300w, https:\/\/inside-amenagement.com\/wp-content\/uploads\/2025\/05\/2-2-150x150.jpg 150w, https:\/\/inside-amenagement.com\/wp-content\/uploads\/2025\/05\/2-2-768x768.jpg 768w, https:\/\/inside-amenagement.com\/wp-content\/uploads\/2025\/05\/2-2-1536x1536.jpg 1536w, https:\/\/inside-amenagement.com\/wp-content\/uploads\/2025\/05\/2-2-2048x2048.jpg 2048w, https:\/\/inside-amenagement.com\/wp-content\/uploads\/2025\/05\/2-2-12x12.jpg 12w, https:\/\/inside-amenagement.com\/wp-content\/uploads\/2025\/05\/2-2-1200x1200.jpg 1200w, https:\/\/inside-amenagement.com\/wp-content\/uploads\/2025\/05\/2-2-1980x1980.jpg 1980w\" sizes=\"(max-width: 580px) 100vw, 580px\" \/>\t\t\t\t\t\t\t\t\t\t\t\t\t\t\t<\/div>\n\t\t\t\t<\/div>\n\t\t\t\t\t<\/div>\n\t\t<\/div>\n\t\t\t\t\t<\/div>\n\t\t<\/section>\n\t\t\t\t<section class=\"elementor-section elementor-top-section elementor-element elementor-element-a1b98fb elementor-section-boxed elementor-section-height-default elementor-section-height-default row-top\" data-id=\"a1b98fb\" data-element_type=\"section\" data-e-type=\"section\">\n\t\t\t\t\t\t<div class=\"elementor-container elementor-column-gap-default\">\n\t\t\t\t\t<div class=\"elementor-column elementor-col-50 elementor-top-column elementor-element elementor-element-5871b88 column-style-top\" data-id=\"5871b88\" data-element_type=\"column\" data-e-type=\"column\">\n\t\t\t<div class=\"elementor-widget-wrap elementor-element-populated\">\n\t\t\t\t\t\t<div class=\"elementor-element elementor-element-b8af1f9 elementor-widget elementor-widget-image\" data-id=\"b8af1f9\" data-element_type=\"widget\" data-e-type=\"widget\" data-widget_type=\"image.default\">\n\t\t\t\t<div class=\"elementor-widget-container\">\n\t\t\t\t\t\t\t\t\t\t\t\t\t\t\t<img decoding=\"async\" width=\"580\" height=\"580\" src=\"https:\/\/inside-amenagement.com\/wp-content\/uploads\/2025\/05\/N48-1024x1024.jpg\" class=\"attachment-large size-large wp-image-2831\" alt=\"\" srcset=\"https:\/\/inside-amenagement.com\/wp-content\/uploads\/2025\/05\/N48-1024x1024.jpg 1024w, https:\/\/inside-amenagement.com\/wp-content\/uploads\/2025\/05\/N48-300x300.jpg 300w, https:\/\/inside-amenagement.com\/wp-content\/uploads\/2025\/05\/N48-150x150.jpg 150w, https:\/\/inside-amenagement.com\/wp-content\/uploads\/2025\/05\/N48-768x768.jpg 768w, https:\/\/inside-amenagement.com\/wp-content\/uploads\/2025\/05\/N48-1536x1536.jpg 1536w, https:\/\/inside-amenagement.com\/wp-content\/uploads\/2025\/05\/N48-2048x2048.jpg 2048w, https:\/\/inside-amenagement.com\/wp-content\/uploads\/2025\/05\/N48-12x12.jpg 12w, https:\/\/inside-amenagement.com\/wp-content\/uploads\/2025\/05\/N48-1200x1200.jpg 1200w, https:\/\/inside-amenagement.com\/wp-content\/uploads\/2025\/05\/N48-1980x1980.jpg 1980w\" sizes=\"(max-width: 580px) 100vw, 580px\" \/>\t\t\t\t\t\t\t\t\t\t\t\t\t\t\t<\/div>\n\t\t\t\t<\/div>\n\t\t\t\t\t<\/div>\n\t\t<\/div>\n\t\t\t\t<div class=\"elementor-column elementor-col-50 elementor-top-column elementor-element elementor-element-310d967 column-style-top\" data-id=\"310d967\" data-element_type=\"column\" data-e-type=\"column\">\n\t\t\t<div class=\"elementor-widget-wrap elementor-element-populated\">\n\t\t\t\t\t\t<div class=\"elementor-element elementor-element-283f6b7 elementor-widget elementor-widget-text-editor\" data-id=\"283f6b7\" data-element_type=\"widget\" data-e-type=\"widget\" data-widget_type=\"text-editor.default\">\n\t\t\t\t<div class=\"elementor-widget-container\">\n\t\t\t\t\t\t\t\t\t<h3 class=\"\" data-start=\"96\" data-end=\"120\"><strong data-start=\"103\" data-end=\"120\">Our Mission<\/strong><\/h3><p class=\"\" data-start=\"122\" data-end=\"244\">IN\u2019SIDE Am\u00e9nagement was born from a deep passion for design, space optimization, and interior decoration.<\/p><p class=\"\" data-start=\"246\" data-end=\"435\">We understand how challenging it can be to truly make a space your own and feel at ease in it. That\u2019s why we support our clients in creating spaces that reflect who they are.<\/p><p class=\"\" data-start=\"437\" data-end=\"787\">Quel que soit le type de projet \u2014 neuf ou r\u00e9novation \u2014 nous jouons \u00e0 la fois le r\u00f4le de <strong data-start=\"525\" data-end=\"537\">designer<\/strong> et de <strong data-start=\"544\" data-end=\"562\">chef de projet<\/strong>Whether it\u2019s a new build or a renovation, we take on the dual role of designer and project manager. We balance your vision with the technical aspects, budget, and spatial constraints. Volumes, colors, materials, and lighting are the tools we use to craft environments that are both beautiful and functional.<\/p><p class=\"\" data-start=\"789\" data-end=\"911\">We design and execute interior and exterior layout plans, with the goal of creating fully customized living spaces.<\/p>\t\t\t\t\t\t\t\t<\/div>\n\t\t\t\t<\/div>\n\t\t\t\t\t<\/div>\n\t\t<\/div>\n\t\t\t\t\t<\/div>\n\t\t<\/section>\n\t\t\t\t<section class=\"elementor-section elementor-top-section elementor-element elementor-element-3b431c9 elementor-section-boxed elementor-section-height-default elementor-section-height-default row-top\" data-id=\"3b431c9\" data-element_type=\"section\" data-e-type=\"section\">\n\t\t\t\t\t\t<div class=\"elementor-container elementor-column-gap-default\">\n\t\t\t\t\t<div class=\"elementor-column elementor-col-50 elementor-top-column elementor-element elementor-element-9f9762c column-style-top\" data-id=\"9f9762c\" data-element_type=\"column\" data-e-type=\"column\">\n\t\t\t<div class=\"elementor-widget-wrap elementor-element-populated\">\n\t\t\t\t\t\t<div class=\"elementor-element elementor-element-5a6c438 elementor-widget elementor-widget-text-editor\" data-id=\"5a6c438\" data-element_type=\"widget\" data-e-type=\"widget\" data-widget_type=\"text-editor.default\">\n\t\t\t\t<div class=\"elementor-widget-container\">\n\t\t\t\t\t\t\t\t\t<h3 class=\"\" data-start=\"918\" data-end=\"954\"><strong data-start=\"925\" data-end=\"954\">Our Values &amp; Commitment<\/strong><\/h3><p class=\"\" data-start=\"956\" data-end=\"1080\">We are committed to deeply understanding your personality, preferences, tastes, and desires. <strong data-start=\"1009\" data-end=\"1025\">personnalit\u00e9<\/strong>, vos <strong data-start=\"1031\" data-end=\"1046\">pr\u00e9f\u00e9rences<\/strong>, vos <strong data-start=\"1052\" data-end=\"1061\">go\u00fbts<\/strong> et vos <strong data-start=\"1069\" data-end=\"1079\">envies<\/strong>.<\/p><p class=\"\" data-start=\"1082\" data-end=\"1394\">Our mission is to guide you by selecting the best options and offering solutions tailored to your needs and your budget. We support you throughout the entire project\u2014from design to the coordination of all trades\u2014to ensure a smooth execution that stays true to your expectations. <strong data-start=\"1185\" data-end=\"1229\">adapt\u00e9es \u00e0 vos besoins et \u00e0 votre budget<\/strong>. Nous vous accompagnons tout au long du projet, de la conception \u00e0 la coordination des corps de m\u00e9tier, pour garantir une r\u00e9alisation fluide, fid\u00e8le \u00e0 vos attentes.<\/p>\t\t\t\t\t\t\t\t<\/div>\n\t\t\t\t<\/div>\n\t\t\t\t\t<\/div>\n\t\t<\/div>\n\t\t\t\t<div class=\"elementor-column elementor-col-50 elementor-top-column elementor-element elementor-element-fa470be column-style-top\" data-id=\"fa470be\" data-element_type=\"column\" data-e-type=\"column\">\n\t\t\t<div class=\"elementor-widget-wrap elementor-element-populated\">\n\t\t\t\t\t\t<div class=\"elementor-element elementor-element-038e798 elementor-widget elementor-widget-image\" data-id=\"038e798\" data-element_type=\"widget\" data-e-type=\"widget\" data-widget_type=\"image.default\">\n\t\t\t\t<div class=\"elementor-widget-container\">\n\t\t\t\t\t\t\t\t\t\t\t\t\t\t\t<img decoding=\"async\" width=\"580\" height=\"485\" src=\"https:\/\/inside-amenagement.com\/wp-content\/uploads\/2025\/05\/N6-1024x856.jpg\" class=\"attachment-large size-large wp-image-2835\" alt=\"\" srcset=\"https:\/\/inside-amenagement.com\/wp-content\/uploads\/2025\/05\/N6-1024x856.jpg 1024w, https:\/\/inside-amenagement.com\/wp-content\/uploads\/2025\/05\/N6-300x251.jpg 300w, https:\/\/inside-amenagement.com\/wp-content\/uploads\/2025\/05\/N6-768x642.jpg 768w, https:\/\/inside-amenagement.com\/wp-content\/uploads\/2025\/05\/N6-1536x1284.jpg 1536w, https:\/\/inside-amenagement.com\/wp-content\/uploads\/2025\/05\/N6-2048x1713.jpg 2048w, https:\/\/inside-amenagement.com\/wp-content\/uploads\/2025\/05\/N6-14x12.jpg 14w, https:\/\/inside-amenagement.com\/wp-content\/uploads\/2025\/05\/N6-1200x1003.jpg 1200w, https:\/\/inside-amenagement.com\/wp-content\/uploads\/2025\/05\/N6-1980x1656.jpg 1980w\" sizes=\"(max-width: 580px) 100vw, 580px\" \/>\t\t\t\t\t\t\t\t\t\t\t\t\t\t\t<\/div>\n\t\t\t\t<\/div>\n\t\t\t\t\t<\/div>\n\t\t<\/div>\n\t\t\t\t\t<\/div>\n\t\t<\/section>\n\t\t\t\t<section class=\"elementor-section elementor-top-section elementor-element elementor-element-1c7b87a elementor-section-boxed elementor-section-height-default elementor-section-height-default row-top\" data-id=\"1c7b87a\" data-element_type=\"section\" data-e-type=\"section\">\n\t\t\t\t\t\t<div class=\"elementor-container elementor-column-gap-default\">\n\t\t\t\t\t<div class=\"elementor-column elementor-col-50 elementor-top-column elementor-element elementor-element-6831dd9 column-style-top\" data-id=\"6831dd9\" data-element_type=\"column\" data-e-type=\"column\">\n\t\t\t<div class=\"elementor-widget-wrap elementor-element-populated\">\n\t\t\t\t\t\t<div class=\"elementor-element elementor-element-8df90dd elementor-widget elementor-widget-image\" data-id=\"8df90dd\" data-element_type=\"widget\" data-e-type=\"widget\" data-widget_type=\"image.default\">\n\t\t\t\t<div class=\"elementor-widget-container\">\n\t\t\t\t\t\t\t\t\t\t\t\t\t\t\t<img loading=\"lazy\" decoding=\"async\" width=\"580\" height=\"725\" src=\"https:\/\/inside-amenagement.com\/wp-content\/uploads\/2025\/05\/N1-819x1024.jpg\" class=\"attachment-large size-large wp-image-2836\" alt=\"\" srcset=\"https:\/\/inside-amenagement.com\/wp-content\/uploads\/2025\/05\/N1-819x1024.jpg 819w, https:\/\/inside-amenagement.com\/wp-content\/uploads\/2025\/05\/N1-240x300.jpg 240w, https:\/\/inside-amenagement.com\/wp-content\/uploads\/2025\/05\/N1-768x960.jpg 768w, https:\/\/inside-amenagement.com\/wp-content\/uploads\/2025\/05\/N1-1229x1536.jpg 1229w, https:\/\/inside-amenagement.com\/wp-content\/uploads\/2025\/05\/N1-1638x2048.jpg 1638w, https:\/\/inside-amenagement.com\/wp-content\/uploads\/2025\/05\/N1-10x12.jpg 10w, https:\/\/inside-amenagement.com\/wp-content\/uploads\/2025\/05\/N1-1200x1500.jpg 1200w, https:\/\/inside-amenagement.com\/wp-content\/uploads\/2025\/05\/N1-1980x2475.jpg 1980w, https:\/\/inside-amenagement.com\/wp-content\/uploads\/2025\/05\/N1-scaled.jpg 2048w\" sizes=\"(max-width: 580px) 100vw, 580px\" \/>\t\t\t\t\t\t\t\t\t\t\t\t\t\t\t<\/div>\n\t\t\t\t<\/div>\n\t\t\t\t\t<\/div>\n\t\t<\/div>\n\t\t\t\t<div class=\"elementor-column elementor-col-50 elementor-top-column elementor-element elementor-element-be5062d column-style-top\" data-id=\"be5062d\" data-element_type=\"column\" data-e-type=\"column\">\n\t\t\t<div class=\"elementor-widget-wrap elementor-element-populated\">\n\t\t\t\t\t\t<div class=\"elementor-element elementor-element-d8f9bfd elementor-widget elementor-widget-text-editor\" data-id=\"d8f9bfd\" data-element_type=\"widget\" data-e-type=\"widget\" data-widget_type=\"text-editor.default\">\n\t\t\t\t<div class=\"elementor-widget-container\">\n\t\t\t\t\t\t\t\t\t<h3 class=\"\" data-start=\"1401\" data-end=\"1444\"><strong data-start=\"1409\" data-end=\"1444\">Why Choose Our Agency?<\/strong><\/h3><ol data-start=\"1446\" data-end=\"2147\"><li class=\"\" data-start=\"1446\" data-end=\"1605\"><p class=\"\" data-start=\"1449\" data-end=\"1605\"><strong data-start=\"1449\" data-end=\"1483\">Why Choose Our Agency?<\/strong><br data-start=\"1483\" data-end=\"1486\" \/>Our designer brings a new vision, playing with materials, colors, d\u00e9cor, and volumes to breathe life into your interiors.<\/p><\/li><li class=\"\" data-start=\"1607\" data-end=\"1754\"><p class=\"\" data-start=\"1610\" data-end=\"1754\"><strong data-start=\"1610\" data-end=\"1655\">Smart Space Optimizatio<\/strong><br data-start=\"1655\" data-end=\"1658\" \/>We reorganize your furniture, kitchens, or bathrooms to make the most of every square meter.<\/p><\/li><li class=\"\" data-start=\"1756\" data-end=\"1935\"><p class=\"\" data-start=\"1759\" data-end=\"1935\"><strong data-start=\"1759\" data-end=\"1810\">Expert Selection of Colors and Materials<\/strong><br data-start=\"1810\" data-end=\"1813\" \/>We help you choose shades, furniture, and finishes, offering innovative and relevant ideas tailored to your project.<\/p><\/li><li class=\"\" data-start=\"1937\" data-end=\"2147\"><p class=\"\" data-start=\"1940\" data-end=\"2147\"><strong data-start=\"1940\" data-end=\"1989\">Access to a Network of Exclusive Partners<\/strong><br data-start=\"1989\" data-end=\"1992\" \/>Benefit from our network of manufacturers, designers, and specialists\u2014with preferential rates on furnishings, kitchens, and bathrooms. <strong data-start=\"2071\" data-end=\"2095\">tarifs pr\u00e9f\u00e9rentiels<\/strong> pour l\u2019ameublement, la cuisine ou la salle de bain.<\/p><\/li><\/ol>\t\t\t\t\t\t\t\t<\/div>\n\t\t\t\t<\/div>\n\t\t\t\t\t<\/div>\n\t\t<\/div>\n\t\t\t\t\t<\/div>\n\t\t<\/section>\n\t\t\t\t<\/div>","protected":false},"excerpt":{"rendered":"<p>Our Studio BOURAOUI AminaFondatrice &amp; Directrice artistique Dipl\u00f4m\u00e9e en architecture de l\u2019Universit\u00e9 de Blida, BOURAOUI Amina a compl\u00e9t\u00e9 sa formation par des \u00e9tudes en design d\u2019int\u00e9rieur \u00e0 Duba\u00ef et a obtenu un dipl\u00f4me en d\u00e9coration d\u2019int\u00e9rieur. Elle a \u00e9galement particip\u00e9 \u00e0 des \u00e9v\u00e9nements et formations en Italie, en collaboration avec l\u2019agence internationale ITA, ce qui [&hellip;]<\/p>","protected":false},"author":1,"featured_media":0,"parent":0,"menu_order":0,"comment_status":"closed","ping_status":"closed","template":"elementor_header_footer","meta":{"footnotes":""},"class_list":["post-1530","page","type-page","status-publish","hentry"],"_links":{"self":[{"href":"https:\/\/inside-amenagement.com\/en\/wp-json\/wp\/v2\/pages\/1530","targetHints":{"allow":["GET"]}}],"collection":[{"href":"https:\/\/inside-amenagement.com\/en\/wp-json\/wp\/v2\/pages"}],"about":[{"href":"https:\/\/inside-amenagement.com\/en\/wp-json\/wp\/v2\/types\/page"}],"author":[{"embeddable":true,"href":"https:\/\/inside-amenagement.com\/en\/wp-json\/wp\/v2\/users\/1"}],"replies":[{"embeddable":true,"href":"https:\/\/inside-amenagement.com\/en\/wp-json\/wp\/v2\/comments?post=1530"}],"version-history":[{"count":55,"href":"https:\/\/inside-amenagement.com\/en\/wp-json\/wp\/v2\/pages\/1530\/revisions"}],"predecessor-version":[{"id":2874,"href":"https:\/\/inside-amenagement.com\/en\/wp-json\/wp\/v2\/pages\/1530\/revisions\/2874"}],"wp:attachment":[{"href":"https:\/\/inside-amenagement.com\/en\/wp-json\/wp\/v2\/media?parent=1530"}],"curies":[{"name":"wp","href":"https:\/\/api.w.org\/{rel}","templated":true}]}}